{"id":1314,"date":"2016-12-29T19:47:11","date_gmt":"2016-12-29T18:47:11","guid":{"rendered":"https:\/\/preferenzeavanzate.net\/carraro\/?post_type=product&#038;p=1314"},"modified":"2021-04-05T17:42:23","modified_gmt":"2021-04-05T15:42:23","slug":"tutti-i-racconti","status":"publish","type":"product","link":"https:\/\/andrea-carraro.com\/carraro\/product\/tutti-i-racconti\/","title":{"rendered":"Tutti i racconti"},"content":{"rendered":"","protected":false},"excerpt":{"rendered":"<p>La prima cosa che incontra il lettore che si imbatte nei racconti di Carraro \u00e8 una scrittura attenta ai dettagli fino a generare effetti di disturbo paranoide, dove a volte una strategia che, per l&#8217;accumulo di dati, potremmo definire di compressione, si apre ad un esito che lungo la direttiva euforica della verticalit\u00e0 dispiega un contrasto fra ci\u00f2 che \u00e8 in basso &#8211; e in basso di solito c&#8217;\u00e8 una forma greve di delirio, stati alterati di coscienza per droga, alcol o per la rabbia che in Carraro \u00e8 dappertutto &#8211; e un firmamento che attira magneticamente lo sguardo, ponendosi come luogo utopico di dispersione e <em>cupio dissolvi<\/em>.<\/p>\n","protected":false},"featured_media":1315,"comment_status":"open","ping_status":"closed","template":"","meta":[],"product_brand":[],"product_cat":[72],"product_tag":[],"class_list":{"0":"post-1314","1":"product","2":"type-product","3":"status-publish","4":"has-post-thumbnail","6":"product_cat-racconti","8":"first","9":"instock","10":"shipping-taxable","11":"product-type-external"},"yoast_head":"<!-- This site is optimized with the Yoast SEO plugin v27.3 - https:\/\/yoast.com\/product\/yoast-seo-wordpress\/ -->\n<title>Tutti i racconti - Andrea Carraro<\/title>\n<meta name=\"robots\" content=\"index, follow, max-snippet:-1, max-image-preview:large, max-video-preview:-1\" \/>\n<link rel=\"canonical\" href=\"https:\/\/andrea-carraro.com\/carraro\/product\/tutti-i-racconti\/\" \/>\n<meta property=\"og:locale\" content=\"it_IT\" \/>\n<meta property=\"og:type\" content=\"article\" \/>\n<meta property=\"og:title\" content=\"Tutti i racconti - Andrea Carraro\" \/>\n<meta property=\"og:description\" content=\"La prima cosa che incontra il lettore che si imbatte nei racconti di Carraro \u00e8 una scrittura attenta ai dettagli fino a generare effetti di disturbo paranoide, dove a volte una strategia che, per l&#039;accumulo di dati, potremmo definire di compressione, si apre ad un esito che lungo la direttiva euforica della verticalit\u00e0 dispiega un contrasto fra ci\u00f2 che \u00e8 in basso - e in basso di solito c&#039;\u00e8 una forma greve di delirio, stati alterati di coscienza per droga, alcol o per la rabbia che in Carraro \u00e8 dappertutto - e un firmamento che attira magneticamente lo sguardo, ponendosi come luogo utopico di dispersione e cupio dissolvi.\" \/>\n<meta property=\"og:url\" content=\"https:\/\/andrea-carraro.com\/carraro\/product\/tutti-i-racconti\/\" \/>\n<meta property=\"og:site_name\" content=\"Andrea Carraro\" \/>\n<meta property=\"article:modified_time\" content=\"2021-04-05T15:42:23+00:00\" \/>\n<meta property=\"og:image\" content=\"https:\/\/andrea-carraro.com\/carraro\/wp-content\/uploads\/2020\/12\/tutti-i-racconti.jpg\" \/>\n\t<meta property=\"og:image:width\" content=\"700\" \/>\n\t<meta property=\"og:image:height\" content=\"1080\" \/>\n\t<meta property=\"og:image:type\" content=\"image\/jpeg\" \/>\n<meta name=\"twitter:card\" content=\"summary_large_image\" \/>\n<script type=\"application\/ld+json\" class=\"yoast-schema-graph\">{\"@context\":\"https:\\\/\\\/schema.org\",\"@graph\":[{\"@type\":\"WebPage\",\"@id\":\"https:\\\/\\\/andrea-carraro.com\\\/carraro\\\/product\\\/tutti-i-racconti\\\/\",\"url\":\"https:\\\/\\\/andrea-carraro.com\\\/carraro\\\/product\\\/tutti-i-racconti\\\/\",\"name\":\"Tutti i racconti - Andrea Carraro\",\"isPartOf\":{\"@id\":\"https:\\\/\\\/andrea-carraro.com\\\/carraro\\\/#website\"},\"primaryImageOfPage\":{\"@id\":\"https:\\\/\\\/andrea-carraro.com\\\/carraro\\\/product\\\/tutti-i-racconti\\\/#primaryimage\"},\"image\":{\"@id\":\"https:\\\/\\\/andrea-carraro.com\\\/carraro\\\/product\\\/tutti-i-racconti\\\/#primaryimage\"},\"thumbnailUrl\":\"https:\\\/\\\/andrea-carraro.com\\\/carraro\\\/wp-content\\\/uploads\\\/2020\\\/12\\\/tutti-i-racconti.jpg\",\"datePublished\":\"2016-12-29T18:47:11+00:00\",\"dateModified\":\"2021-04-05T15:42:23+00:00\",\"breadcrumb\":{\"@id\":\"https:\\\/\\\/andrea-carraro.com\\\/carraro\\\/product\\\/tutti-i-racconti\\\/#breadcrumb\"},\"inLanguage\":\"it-IT\",\"potentialAction\":[{\"@type\":\"ReadAction\",\"target\":[\"https:\\\/\\\/andrea-carraro.com\\\/carraro\\\/product\\\/tutti-i-racconti\\\/\"]}]},{\"@type\":\"ImageObject\",\"inLanguage\":\"it-IT\",\"@id\":\"https:\\\/\\\/andrea-carraro.com\\\/carraro\\\/product\\\/tutti-i-racconti\\\/#primaryimage\",\"url\":\"https:\\\/\\\/andrea-carraro.com\\\/carraro\\\/wp-content\\\/uploads\\\/2020\\\/12\\\/tutti-i-racconti.jpg\",\"contentUrl\":\"https:\\\/\\\/andrea-carraro.com\\\/carraro\\\/wp-content\\\/uploads\\\/2020\\\/12\\\/tutti-i-racconti.jpg\",\"width\":700,\"height\":1080},{\"@type\":\"BreadcrumbList\",\"@id\":\"https:\\\/\\\/andrea-carraro.com\\\/carraro\\\/product\\\/tutti-i-racconti\\\/#breadcrumb\",\"itemListElement\":[{\"@type\":\"ListItem\",\"position\":1,\"name\":\"Home\",\"item\":\"https:\\\/\\\/andrea-carraro.com\\\/carraro\\\/\"},{\"@type\":\"ListItem\",\"position\":2,\"name\":\"Libri\",\"item\":\"https:\\\/\\\/andrea-carraro.com\\\/carraro\\\/libri\\\/\"},{\"@type\":\"ListItem\",\"position\":3,\"name\":\"Tutti i racconti\"}]},{\"@type\":\"WebSite\",\"@id\":\"https:\\\/\\\/andrea-carraro.com\\\/carraro\\\/#website\",\"url\":\"https:\\\/\\\/andrea-carraro.com\\\/carraro\\\/\",\"name\":\"Andrea Carraro: scrittore di romanzi, racconti e recensioni\",\"description\":\"Scrittore di romanzi, racconti e recensioni\",\"publisher\":{\"@id\":\"https:\\\/\\\/andrea-carraro.com\\\/carraro\\\/#\\\/schema\\\/person\\\/f0a429dd5075e8888e84f1e19cbbb15d\"},\"potentialAction\":[{\"@type\":\"SearchAction\",\"target\":{\"@type\":\"EntryPoint\",\"urlTemplate\":\"https:\\\/\\\/andrea-carraro.com\\\/carraro\\\/?s={search_term_string}\"},\"query-input\":{\"@type\":\"PropertyValueSpecification\",\"valueRequired\":true,\"valueName\":\"search_term_string\"}}],\"inLanguage\":\"it-IT\"},{\"@type\":[\"Person\",\"Organization\"],\"@id\":\"https:\\\/\\\/andrea-carraro.com\\\/carraro\\\/#\\\/schema\\\/person\\\/f0a429dd5075e8888e84f1e19cbbb15d\",\"name\":\"Andrea Carraro\",\"image\":{\"@type\":\"ImageObject\",\"inLanguage\":\"it-IT\",\"@id\":\"https:\\\/\\\/andrea-carraro.com\\\/carraro\\\/wp-content\\\/uploads\\\/2020\\\/12\\\/carraro-logo.png\",\"url\":\"https:\\\/\\\/andrea-carraro.com\\\/carraro\\\/wp-content\\\/uploads\\\/2020\\\/12\\\/carraro-logo.png\",\"contentUrl\":\"https:\\\/\\\/andrea-carraro.com\\\/carraro\\\/wp-content\\\/uploads\\\/2020\\\/12\\\/carraro-logo.png\",\"width\":680,\"height\":132,\"caption\":\"Andrea Carraro\"},\"logo\":{\"@id\":\"https:\\\/\\\/andrea-carraro.com\\\/carraro\\\/wp-content\\\/uploads\\\/2020\\\/12\\\/carraro-logo.png\"}}]}<\/script>\n<!-- \/ Yoast SEO plugin. -->","yoast_head_json":{"title":"Tutti i racconti - Andrea Carraro","robots":{"index":"index","follow":"follow","max-snippet":"max-snippet:-1","max-image-preview":"max-image-preview:large","max-video-preview":"max-video-preview:-1"},"canonical":"https:\/\/andrea-carraro.com\/carraro\/product\/tutti-i-racconti\/","og_locale":"it_IT","og_type":"article","og_title":"Tutti i racconti - Andrea Carraro","og_description":"La prima cosa che incontra il lettore che si imbatte nei racconti di Carraro \u00e8 una scrittura attenta ai dettagli fino a generare effetti di disturbo paranoide, dove a volte una strategia che, per l'accumulo di dati, potremmo definire di compressione, si apre ad un esito che lungo la direttiva euforica della verticalit\u00e0 dispiega un contrasto fra ci\u00f2 che \u00e8 in basso - e in basso di solito c'\u00e8 una forma greve di delirio, stati alterati di coscienza per droga, alcol o per la rabbia che in Carraro \u00e8 dappertutto - e un firmamento che attira magneticamente lo sguardo, ponendosi come luogo utopico di dispersione e cupio dissolvi.","og_url":"https:\/\/andrea-carraro.com\/carraro\/product\/tutti-i-racconti\/","og_site_name":"Andrea Carraro","article_modified_time":"2021-04-05T15:42:23+00:00","og_image":[{"width":700,"height":1080,"url":"https:\/\/andrea-carraro.com\/carraro\/wp-content\/uploads\/2020\/12\/tutti-i-racconti.jpg","type":"image\/jpeg"}],"twitter_card":"summary_large_image","schema":{"@context":"https:\/\/schema.org","@graph":[{"@type":"WebPage","@id":"https:\/\/andrea-carraro.com\/carraro\/product\/tutti-i-racconti\/","url":"https:\/\/andrea-carraro.com\/carraro\/product\/tutti-i-racconti\/","name":"Tutti i racconti - Andrea Carraro","isPartOf":{"@id":"https:\/\/andrea-carraro.com\/carraro\/#website"},"primaryImageOfPage":{"@id":"https:\/\/andrea-carraro.com\/carraro\/product\/tutti-i-racconti\/#primaryimage"},"image":{"@id":"https:\/\/andrea-carraro.com\/carraro\/product\/tutti-i-racconti\/#primaryimage"},"thumbnailUrl":"https:\/\/andrea-carraro.com\/carraro\/wp-content\/uploads\/2020\/12\/tutti-i-racconti.jpg","datePublished":"2016-12-29T18:47:11+00:00","dateModified":"2021-04-05T15:42:23+00:00","breadcrumb":{"@id":"https:\/\/andrea-carraro.com\/carraro\/product\/tutti-i-racconti\/#breadcrumb"},"inLanguage":"it-IT","potentialAction":[{"@type":"ReadAction","target":["https:\/\/andrea-carraro.com\/carraro\/product\/tutti-i-racconti\/"]}]},{"@type":"ImageObject","inLanguage":"it-IT","@id":"https:\/\/andrea-carraro.com\/carraro\/product\/tutti-i-racconti\/#primaryimage","url":"https:\/\/andrea-carraro.com\/carraro\/wp-content\/uploads\/2020\/12\/tutti-i-racconti.jpg","contentUrl":"https:\/\/andrea-carraro.com\/carraro\/wp-content\/uploads\/2020\/12\/tutti-i-racconti.jpg","width":700,"height":1080},{"@type":"BreadcrumbList","@id":"https:\/\/andrea-carraro.com\/carraro\/product\/tutti-i-racconti\/#breadcrumb","itemListElement":[{"@type":"ListItem","position":1,"name":"Home","item":"https:\/\/andrea-carraro.com\/carraro\/"},{"@type":"ListItem","position":2,"name":"Libri","item":"https:\/\/andrea-carraro.com\/carraro\/libri\/"},{"@type":"ListItem","position":3,"name":"Tutti i racconti"}]},{"@type":"WebSite","@id":"https:\/\/andrea-carraro.com\/carraro\/#website","url":"https:\/\/andrea-carraro.com\/carraro\/","name":"Andrea Carraro: scrittore di romanzi, racconti e recensioni","description":"Scrittore di romanzi, racconti e recensioni","publisher":{"@id":"https:\/\/andrea-carraro.com\/carraro\/#\/schema\/person\/f0a429dd5075e8888e84f1e19cbbb15d"},"potentialAction":[{"@type":"SearchAction","target":{"@type":"EntryPoint","urlTemplate":"https:\/\/andrea-carraro.com\/carraro\/?s={search_term_string}"},"query-input":{"@type":"PropertyValueSpecification","valueRequired":true,"valueName":"search_term_string"}}],"inLanguage":"it-IT"},{"@type":["Person","Organization"],"@id":"https:\/\/andrea-carraro.com\/carraro\/#\/schema\/person\/f0a429dd5075e8888e84f1e19cbbb15d","name":"Andrea Carraro","image":{"@type":"ImageObject","inLanguage":"it-IT","@id":"https:\/\/andrea-carraro.com\/carraro\/wp-content\/uploads\/2020\/12\/carraro-logo.png","url":"https:\/\/andrea-carraro.com\/carraro\/wp-content\/uploads\/2020\/12\/carraro-logo.png","contentUrl":"https:\/\/andrea-carraro.com\/carraro\/wp-content\/uploads\/2020\/12\/carraro-logo.png","width":680,"height":132,"caption":"Andrea Carraro"},"logo":{"@id":"https:\/\/andrea-carraro.com\/carraro\/wp-content\/uploads\/2020\/12\/carraro-logo.png"}}]}},"_links":{"self":[{"href":"https:\/\/andrea-carraro.com\/carraro\/wp-json\/wp\/v2\/product\/1314","targetHints":{"allow":["GET"]}}],"collection":[{"href":"https:\/\/andrea-carraro.com\/carraro\/wp-json\/wp\/v2\/product"}],"about":[{"href":"https:\/\/andrea-carraro.com\/carraro\/wp-json\/wp\/v2\/types\/product"}],"replies":[{"embeddable":true,"href":"https:\/\/andrea-carraro.com\/carraro\/wp-json\/wp\/v2\/comments?post=1314"}],"wp:featuredmedia":[{"embeddable":true,"href":"https:\/\/andrea-carraro.com\/carraro\/wp-json\/wp\/v2\/media\/1315"}],"wp:attachment":[{"href":"https:\/\/andrea-carraro.com\/carraro\/wp-json\/wp\/v2\/media?parent=1314"}],"wp:term":[{"taxonomy":"product_brand","embeddable":true,"href":"https:\/\/andrea-carraro.com\/carraro\/wp-json\/wp\/v2\/product_brand?post=1314"},{"taxonomy":"product_cat","embeddable":true,"href":"https:\/\/andrea-carraro.com\/carraro\/wp-json\/wp\/v2\/product_cat?post=1314"},{"taxonomy":"product_tag","embeddable":true,"href":"https:\/\/andrea-carraro.com\/carraro\/wp-json\/wp\/v2\/product_tag?post=1314"}],"curies":[{"name":"wp","href":"https:\/\/api.w.org\/{rel}","templated":true}]}}