{"id":1340,"date":"1990-12-20T16:35:27","date_gmt":"1990-12-20T15:35:27","guid":{"rendered":"https:\/\/preferenzeavanzate.net\/carraro\/?post_type=product&#038;p=1340"},"modified":"2021-01-07T16:44:11","modified_gmt":"2021-01-07T15:44:11","slug":"a-denti-stretti","status":"publish","type":"product","link":"https:\/\/andrea-carraro.com\/carraro\/product\/a-denti-stretti\/","title":{"rendered":"A denti stretti"},"content":{"rendered":"","protected":false},"excerpt":{"rendered":"<p align=\"justify\"><span style=\"font-size: small;\">A Denti Stretti \u00e8 un primo libro. Dei primi libri ha l&#8217;aspetto agro, macerato, e certa partecipazione tutto affatto letteraria, ma una letterariet\u00e0 che si aggrappa ai sapori acuti dell&#8217;esistenza, ad alcune espressioni che i gerghi giovanili lasciano cadere sulle labbra di chiunque come tracce di spregiudicata sventatezza. <\/span><span style=\"font-size: small;\">Cosa racconta Andrea Carraro? Il passaggio della conradiana &#8220;linea d&#8217;ombra&#8221;, il momento degli arrischiati confronti di sesso, le brutali partite in cui gruppi di ragazzi misurano fra loro la propria capacit\u00e0 di resistenza alla vita. Ma il loro gioco \u00e8 metaforico, pure se duramente corporeo, fisico. Sbilanciato fra fisicit\u00e0 e simbolo, il romanzo di Carraro ha l&#8217;aroma acre di un vissuto doloroso, ha la densit\u00e0 riottosa delle cose non facilmente scalfibili. <\/span><span style=\"font-size: small;\">ENZO SICILIANO<\/span><\/p>\n","protected":false},"featured_media":1341,"comment_status":"open","ping_status":"closed","template":"","meta":[],"product_brand":[],"product_cat":[47],"product_tag":[],"class_list":{"0":"post-1340","1":"product","2":"type-product","3":"status-publish","4":"has-post-thumbnail","6":"product_cat-romanzi","8":"first","9":"instock","10":"shipping-taxable","11":"product-type-external"},"yoast_head":"<!-- This site is optimized with the Yoast SEO plugin v27.3 - https:\/\/yoast.com\/product\/yoast-seo-wordpress\/ -->\n<title>A denti stretti - Andrea Carraro<\/title>\n<meta name=\"robots\" content=\"index, follow, max-snippet:-1, max-image-preview:large, max-video-preview:-1\" \/>\n<link rel=\"canonical\" href=\"https:\/\/andrea-carraro.com\/carraro\/product\/a-denti-stretti\/\" \/>\n<meta property=\"og:locale\" content=\"it_IT\" \/>\n<meta property=\"og:type\" content=\"article\" \/>\n<meta property=\"og:title\" content=\"A denti stretti - Andrea Carraro\" \/>\n<meta property=\"og:description\" content=\"A Denti Stretti \u00e8 un primo libro. Dei primi libri ha l&#039;aspetto agro, macerato, e certa partecipazione tutto affatto letteraria, ma una letterariet\u00e0 che si aggrappa ai sapori acuti dell&#039;esistenza, ad alcune espressioni che i gerghi giovanili lasciano cadere sulle labbra di chiunque come tracce di spregiudicata sventatezza. Cosa racconta Andrea Carraro? Il passaggio della conradiana &quot;linea d&#039;ombra&quot;, il momento degli arrischiati confronti di sesso, le brutali partite in cui gruppi di ragazzi misurano fra loro la propria capacit\u00e0 di resistenza alla vita. Ma il loro gioco \u00e8 metaforico, pure se duramente corporeo, fisico. Sbilanciato fra fisicit\u00e0 e simbolo, il romanzo di Carraro ha l&#039;aroma acre di un vissuto doloroso, ha la densit\u00e0 riottosa delle cose non facilmente scalfibili. ENZO SICILIANO\" \/>\n<meta property=\"og:url\" content=\"https:\/\/andrea-carraro.com\/carraro\/product\/a-denti-stretti\/\" \/>\n<meta property=\"og:site_name\" content=\"Andrea Carraro\" \/>\n<meta property=\"article:modified_time\" content=\"2021-01-07T15:44:11+00:00\" \/>\n<meta property=\"og:image\" content=\"https:\/\/andrea-carraro.com\/carraro\/wp-content\/uploads\/2020\/12\/adentistretti.jpg\" \/>\n\t<meta property=\"og:image:width\" content=\"683\" \/>\n\t<meta property=\"og:image:height\" content=\"1080\" \/>\n\t<meta property=\"og:image:type\" content=\"image\/jpeg\" \/>\n<meta name=\"twitter:card\" content=\"summary_large_image\" \/>\n<script type=\"application\/ld+json\" class=\"yoast-schema-graph\">{\"@context\":\"https:\\\/\\\/schema.org\",\"@graph\":[{\"@type\":\"WebPage\",\"@id\":\"https:\\\/\\\/andrea-carraro.com\\\/carraro\\\/product\\\/a-denti-stretti\\\/\",\"url\":\"https:\\\/\\\/andrea-carraro.com\\\/carraro\\\/product\\\/a-denti-stretti\\\/\",\"name\":\"A denti stretti - Andrea Carraro\",\"isPartOf\":{\"@id\":\"https:\\\/\\\/andrea-carraro.com\\\/carraro\\\/#website\"},\"primaryImageOfPage\":{\"@id\":\"https:\\\/\\\/andrea-carraro.com\\\/carraro\\\/product\\\/a-denti-stretti\\\/#primaryimage\"},\"image\":{\"@id\":\"https:\\\/\\\/andrea-carraro.com\\\/carraro\\\/product\\\/a-denti-stretti\\\/#primaryimage\"},\"thumbnailUrl\":\"https:\\\/\\\/andrea-carraro.com\\\/carraro\\\/wp-content\\\/uploads\\\/2020\\\/12\\\/adentistretti.jpg\",\"datePublished\":\"1990-12-20T15:35:27+00:00\",\"dateModified\":\"2021-01-07T15:44:11+00:00\",\"breadcrumb\":{\"@id\":\"https:\\\/\\\/andrea-carraro.com\\\/carraro\\\/product\\\/a-denti-stretti\\\/#breadcrumb\"},\"inLanguage\":\"it-IT\",\"potentialAction\":[{\"@type\":\"ReadAction\",\"target\":[\"https:\\\/\\\/andrea-carraro.com\\\/carraro\\\/product\\\/a-denti-stretti\\\/\"]}]},{\"@type\":\"ImageObject\",\"inLanguage\":\"it-IT\",\"@id\":\"https:\\\/\\\/andrea-carraro.com\\\/carraro\\\/product\\\/a-denti-stretti\\\/#primaryimage\",\"url\":\"https:\\\/\\\/andrea-carraro.com\\\/carraro\\\/wp-content\\\/uploads\\\/2020\\\/12\\\/adentistretti.jpg\",\"contentUrl\":\"https:\\\/\\\/andrea-carraro.com\\\/carraro\\\/wp-content\\\/uploads\\\/2020\\\/12\\\/adentistretti.jpg\",\"width\":683,\"height\":1080},{\"@type\":\"BreadcrumbList\",\"@id\":\"https:\\\/\\\/andrea-carraro.com\\\/carraro\\\/product\\\/a-denti-stretti\\\/#breadcrumb\",\"itemListElement\":[{\"@type\":\"ListItem\",\"position\":1,\"name\":\"Home\",\"item\":\"https:\\\/\\\/andrea-carraro.com\\\/carraro\\\/\"},{\"@type\":\"ListItem\",\"position\":2,\"name\":\"Libri\",\"item\":\"https:\\\/\\\/andrea-carraro.com\\\/carraro\\\/libri\\\/\"},{\"@type\":\"ListItem\",\"position\":3,\"name\":\"A denti stretti\"}]},{\"@type\":\"WebSite\",\"@id\":\"https:\\\/\\\/andrea-carraro.com\\\/carraro\\\/#website\",\"url\":\"https:\\\/\\\/andrea-carraro.com\\\/carraro\\\/\",\"name\":\"Andrea Carraro: scrittore di romanzi, racconti e recensioni\",\"description\":\"Scrittore di romanzi, racconti e recensioni\",\"publisher\":{\"@id\":\"https:\\\/\\\/andrea-carraro.com\\\/carraro\\\/#\\\/schema\\\/person\\\/f0a429dd5075e8888e84f1e19cbbb15d\"},\"potentialAction\":[{\"@type\":\"SearchAction\",\"target\":{\"@type\":\"EntryPoint\",\"urlTemplate\":\"https:\\\/\\\/andrea-carraro.com\\\/carraro\\\/?s={search_term_string}\"},\"query-input\":{\"@type\":\"PropertyValueSpecification\",\"valueRequired\":true,\"valueName\":\"search_term_string\"}}],\"inLanguage\":\"it-IT\"},{\"@type\":[\"Person\",\"Organization\"],\"@id\":\"https:\\\/\\\/andrea-carraro.com\\\/carraro\\\/#\\\/schema\\\/person\\\/f0a429dd5075e8888e84f1e19cbbb15d\",\"name\":\"Andrea Carraro\",\"image\":{\"@type\":\"ImageObject\",\"inLanguage\":\"it-IT\",\"@id\":\"https:\\\/\\\/andrea-carraro.com\\\/carraro\\\/wp-content\\\/uploads\\\/2020\\\/12\\\/carraro-logo.png\",\"url\":\"https:\\\/\\\/andrea-carraro.com\\\/carraro\\\/wp-content\\\/uploads\\\/2020\\\/12\\\/carraro-logo.png\",\"contentUrl\":\"https:\\\/\\\/andrea-carraro.com\\\/carraro\\\/wp-content\\\/uploads\\\/2020\\\/12\\\/carraro-logo.png\",\"width\":680,\"height\":132,\"caption\":\"Andrea Carraro\"},\"logo\":{\"@id\":\"https:\\\/\\\/andrea-carraro.com\\\/carraro\\\/wp-content\\\/uploads\\\/2020\\\/12\\\/carraro-logo.png\"}}]}<\/script>\n<!-- \/ Yoast SEO plugin. -->","yoast_head_json":{"title":"A denti stretti - Andrea Carraro","robots":{"index":"index","follow":"follow","max-snippet":"max-snippet:-1","max-image-preview":"max-image-preview:large","max-video-preview":"max-video-preview:-1"},"canonical":"https:\/\/andrea-carraro.com\/carraro\/product\/a-denti-stretti\/","og_locale":"it_IT","og_type":"article","og_title":"A denti stretti - Andrea Carraro","og_description":"A Denti Stretti \u00e8 un primo libro. Dei primi libri ha l'aspetto agro, macerato, e certa partecipazione tutto affatto letteraria, ma una letterariet\u00e0 che si aggrappa ai sapori acuti dell'esistenza, ad alcune espressioni che i gerghi giovanili lasciano cadere sulle labbra di chiunque come tracce di spregiudicata sventatezza. Cosa racconta Andrea Carraro? Il passaggio della conradiana \"linea d'ombra\", il momento degli arrischiati confronti di sesso, le brutali partite in cui gruppi di ragazzi misurano fra loro la propria capacit\u00e0 di resistenza alla vita. Ma il loro gioco \u00e8 metaforico, pure se duramente corporeo, fisico. Sbilanciato fra fisicit\u00e0 e simbolo, il romanzo di Carraro ha l'aroma acre di un vissuto doloroso, ha la densit\u00e0 riottosa delle cose non facilmente scalfibili. ENZO SICILIANO","og_url":"https:\/\/andrea-carraro.com\/carraro\/product\/a-denti-stretti\/","og_site_name":"Andrea Carraro","article_modified_time":"2021-01-07T15:44:11+00:00","og_image":[{"width":683,"height":1080,"url":"https:\/\/andrea-carraro.com\/carraro\/wp-content\/uploads\/2020\/12\/adentistretti.jpg","type":"image\/jpeg"}],"twitter_card":"summary_large_image","schema":{"@context":"https:\/\/schema.org","@graph":[{"@type":"WebPage","@id":"https:\/\/andrea-carraro.com\/carraro\/product\/a-denti-stretti\/","url":"https:\/\/andrea-carraro.com\/carraro\/product\/a-denti-stretti\/","name":"A denti stretti - Andrea Carraro","isPartOf":{"@id":"https:\/\/andrea-carraro.com\/carraro\/#website"},"primaryImageOfPage":{"@id":"https:\/\/andrea-carraro.com\/carraro\/product\/a-denti-stretti\/#primaryimage"},"image":{"@id":"https:\/\/andrea-carraro.com\/carraro\/product\/a-denti-stretti\/#primaryimage"},"thumbnailUrl":"https:\/\/andrea-carraro.com\/carraro\/wp-content\/uploads\/2020\/12\/adentistretti.jpg","datePublished":"1990-12-20T15:35:27+00:00","dateModified":"2021-01-07T15:44:11+00:00","breadcrumb":{"@id":"https:\/\/andrea-carraro.com\/carraro\/product\/a-denti-stretti\/#breadcrumb"},"inLanguage":"it-IT","potentialAction":[{"@type":"ReadAction","target":["https:\/\/andrea-carraro.com\/carraro\/product\/a-denti-stretti\/"]}]},{"@type":"ImageObject","inLanguage":"it-IT","@id":"https:\/\/andrea-carraro.com\/carraro\/product\/a-denti-stretti\/#primaryimage","url":"https:\/\/andrea-carraro.com\/carraro\/wp-content\/uploads\/2020\/12\/adentistretti.jpg","contentUrl":"https:\/\/andrea-carraro.com\/carraro\/wp-content\/uploads\/2020\/12\/adentistretti.jpg","width":683,"height":1080},{"@type":"BreadcrumbList","@id":"https:\/\/andrea-carraro.com\/carraro\/product\/a-denti-stretti\/#breadcrumb","itemListElement":[{"@type":"ListItem","position":1,"name":"Home","item":"https:\/\/andrea-carraro.com\/carraro\/"},{"@type":"ListItem","position":2,"name":"Libri","item":"https:\/\/andrea-carraro.com\/carraro\/libri\/"},{"@type":"ListItem","position":3,"name":"A denti stretti"}]},{"@type":"WebSite","@id":"https:\/\/andrea-carraro.com\/carraro\/#website","url":"https:\/\/andrea-carraro.com\/carraro\/","name":"Andrea Carraro: scrittore di romanzi, racconti e recensioni","description":"Scrittore di romanzi, racconti e recensioni","publisher":{"@id":"https:\/\/andrea-carraro.com\/carraro\/#\/schema\/person\/f0a429dd5075e8888e84f1e19cbbb15d"},"potentialAction":[{"@type":"SearchAction","target":{"@type":"EntryPoint","urlTemplate":"https:\/\/andrea-carraro.com\/carraro\/?s={search_term_string}"},"query-input":{"@type":"PropertyValueSpecification","valueRequired":true,"valueName":"search_term_string"}}],"inLanguage":"it-IT"},{"@type":["Person","Organization"],"@id":"https:\/\/andrea-carraro.com\/carraro\/#\/schema\/person\/f0a429dd5075e8888e84f1e19cbbb15d","name":"Andrea Carraro","image":{"@type":"ImageObject","inLanguage":"it-IT","@id":"https:\/\/andrea-carraro.com\/carraro\/wp-content\/uploads\/2020\/12\/carraro-logo.png","url":"https:\/\/andrea-carraro.com\/carraro\/wp-content\/uploads\/2020\/12\/carraro-logo.png","contentUrl":"https:\/\/andrea-carraro.com\/carraro\/wp-content\/uploads\/2020\/12\/carraro-logo.png","width":680,"height":132,"caption":"Andrea Carraro"},"logo":{"@id":"https:\/\/andrea-carraro.com\/carraro\/wp-content\/uploads\/2020\/12\/carraro-logo.png"}}]}},"_links":{"self":[{"href":"https:\/\/andrea-carraro.com\/carraro\/wp-json\/wp\/v2\/product\/1340","targetHints":{"allow":["GET"]}}],"collection":[{"href":"https:\/\/andrea-carraro.com\/carraro\/wp-json\/wp\/v2\/product"}],"about":[{"href":"https:\/\/andrea-carraro.com\/carraro\/wp-json\/wp\/v2\/types\/product"}],"replies":[{"embeddable":true,"href":"https:\/\/andrea-carraro.com\/carraro\/wp-json\/wp\/v2\/comments?post=1340"}],"wp:featuredmedia":[{"embeddable":true,"href":"https:\/\/andrea-carraro.com\/carraro\/wp-json\/wp\/v2\/media\/1341"}],"wp:attachment":[{"href":"https:\/\/andrea-carraro.com\/carraro\/wp-json\/wp\/v2\/media?parent=1340"}],"wp:term":[{"taxonomy":"product_brand","embeddable":true,"href":"https:\/\/andrea-carraro.com\/carraro\/wp-json\/wp\/v2\/product_brand?post=1340"},{"taxonomy":"product_cat","embeddable":true,"href":"https:\/\/andrea-carraro.com\/carraro\/wp-json\/wp\/v2\/product_cat?post=1340"},{"taxonomy":"product_tag","embeddable":true,"href":"https:\/\/andrea-carraro.com\/carraro\/wp-json\/wp\/v2\/product_tag?post=1340"}],"curies":[{"name":"wp","href":"https:\/\/api.w.org\/{rel}","templated":true}]}}